{"id":27,"date":"2025-08-15T23:06:05","date_gmt":"2025-08-15T21:06:05","guid":{"rendered":"https:\/\/lescarnetsdu10s.noblogs.org\/?page_id=27"},"modified":"2025-10-14T15:35:28","modified_gmt":"2025-10-14T13:35:28","slug":"contact","status":"publish","type":"page","link":"https:\/\/lescarnetsdu10s.noblogs.org\/?page_id=27","title":{"rendered":"contact"},"content":{"rendered":"\n<p>Pour toute correspondance :<\/p>\n\n\n\n<ul class=\"wp-block-list\">\n<li>envoyer une contribution (\u00e0 para\u00eetre dans le prochain num\u00e9ro),<\/li>\n\n\n\n<li>nous faire des retours critiques,<\/li>\n\n\n\n<li>nous tenir au courant en nous dire dans quels coins sont diffus\u00e9s les carnets,<\/li>\n\n\n\n<li>un probl\u00e8me, une d\u00e9claration&#8230;<\/li>\n<\/ul>\n\n\n\n<p>Une adresse mail figure dans chaque num\u00e9ro !<\/p>\n\n\n\n<p><\/p>\n","protected":false},"excerpt":{"rendered":"<p>Pour toute correspondance : Une adresse mail figure dans chaque num\u00e9ro !<\/p>\n","protected":false},"author":21163,"featured_media":0,"parent":0,"menu_order":0,"comment_status":"closed","ping_status":"closed","template":"","meta":{"footnotes":""},"class_list":["post-27","page","type-page","status-publish","hentry"],"_links":{"self":[{"href":"https:\/\/lescarnetsdu10s.noblogs.org\/index.php?rest_route=\/wp\/v2\/pages\/27","targetHints":{"allow":["GET"]}}],"collection":[{"href":"https:\/\/lescarnetsdu10s.noblogs.org\/index.php?rest_route=\/wp\/v2\/pages"}],"about":[{"href":"https:\/\/lescarnetsdu10s.noblogs.org\/index.php?rest_route=\/wp\/v2\/types\/page"}],"author":[{"embeddable":true,"href":"https:\/\/lescarnetsdu10s.noblogs.org\/index.php?rest_route=\/wp\/v2\/users\/21163"}],"replies":[{"embeddable":true,"href":"https:\/\/lescarnetsdu10s.noblogs.org\/index.php?rest_route=%2Fwp%2Fv2%2Fcomments&post=27"}],"version-history":[{"count":19,"href":"https:\/\/lescarnetsdu10s.noblogs.org\/index.php?rest_route=\/wp\/v2\/pages\/27\/revisions"}],"predecessor-version":[{"id":149,"href":"https:\/\/lescarnetsdu10s.noblogs.org\/index.php?rest_route=\/wp\/v2\/pages\/27\/revisions\/149"}],"wp:attachment":[{"href":"https:\/\/lescarnetsdu10s.noblogs.org\/index.php?rest_route=%2Fwp%2Fv2%2Fmedia&parent=27"}],"curies":[{"name":"wp","href":"https:\/\/api.w.org\/{rel}","templated":true}]}}