{"id":37,"date":"2025-08-19T18:21:50","date_gmt":"2025-08-19T16:21:50","guid":{"rendered":"https:\/\/lescarnetsdu10s.noblogs.org\/?page_id=37"},"modified":"2025-09-29T21:08:34","modified_gmt":"2025-09-29T19:08:34","slug":"mode-demploi","status":"publish","type":"page","link":"https:\/\/lescarnetsdu10s.noblogs.org\/?page_id=37","title":{"rendered":"mode d&#8217;emploi"},"content":{"rendered":"\n<h2 class=\"wp-block-heading\">Pour la diffusion !<\/h2>\n\n\n\n<ol class=\"wp-block-list\">\n<li>T\u00e9l\u00e9charger<\/li>\n\n\n\n<li>Imprimer sur A4<\/li>\n\n\n\n<li>Plier, agrafer<\/li>\n\n\n\n<li>Distribuer<\/li>\n<\/ol>\n\n\n\n<h2 class=\"wp-block-heading\">Pour l&rsquo;\u00e9criture !<\/h2>\n\n\n\n<p>Pour participer \u00e0 l&rsquo;\u00e9criture des carnets, comme cela est dit <a href=\"https:\/\/lescarnetsdu10s.noblogs.org\/?page_id=85\" data-type=\"page\" data-id=\"85\">dans la pr\u00e9sentation<\/a>, il suffit de nous faire parvenir vos contributions (texte ou dessin\/photo) par mail. Une adresse de contact figure dans chaque num\u00e9ro.<\/p>\n\n\n\n<p><\/p>\n","protected":false},"excerpt":{"rendered":"<p>Pour la diffusion ! Pour l&rsquo;\u00e9criture ! Pour participer \u00e0 l&rsquo;\u00e9criture des carnets, comme cela est dit dans la pr\u00e9sentation, il suffit de nous faire parvenir vos contributions (texte ou dessin\/photo) par mail. Une adresse de contact figure dans chaque num\u00e9ro.<\/p>\n","protected":false},"author":21163,"featured_media":0,"parent":0,"menu_order":0,"comment_status":"closed","ping_status":"closed","template":"","meta":{"footnotes":""},"class_list":["post-37","page","type-page","status-publish","hentry"],"_links":{"self":[{"href":"https:\/\/lescarnetsdu10s.noblogs.org\/index.php?rest_route=\/wp\/v2\/pages\/37","targetHints":{"allow":["GET"]}}],"collection":[{"href":"https:\/\/lescarnetsdu10s.noblogs.org\/index.php?rest_route=\/wp\/v2\/pages"}],"about":[{"href":"https:\/\/lescarnetsdu10s.noblogs.org\/index.php?rest_route=\/wp\/v2\/types\/page"}],"author":[{"embeddable":true,"href":"https:\/\/lescarnetsdu10s.noblogs.org\/index.php?rest_route=\/wp\/v2\/users\/21163"}],"replies":[{"embeddable":true,"href":"https:\/\/lescarnetsdu10s.noblogs.org\/index.php?rest_route=%2Fwp%2Fv2%2Fcomments&post=37"}],"version-history":[{"count":12,"href":"https:\/\/lescarnetsdu10s.noblogs.org\/index.php?rest_route=\/wp\/v2\/pages\/37\/revisions"}],"predecessor-version":[{"id":139,"href":"https:\/\/lescarnetsdu10s.noblogs.org\/index.php?rest_route=\/wp\/v2\/pages\/37\/revisions\/139"}],"wp:attachment":[{"href":"https:\/\/lescarnetsdu10s.noblogs.org\/index.php?rest_route=%2Fwp%2Fv2%2Fmedia&parent=37"}],"curies":[{"name":"wp","href":"https:\/\/api.w.org\/{rel}","templated":true}]}}